{"id":2222,"date":"2020-10-15T13:08:32","date_gmt":"2020-10-15T11:08:32","guid":{"rendered":"https:\/\/www.labvet.cz\/blog\/?page_id=2222"},"modified":"2025-06-17T21:32:34","modified_gmt":"2025-06-17T19:32:34","slug":"jak-se-pozna-alergie-u-psa","status":"publish","type":"page","link":"https:\/\/labvet.cz\/blog\/jak-se-pozna-alergie-u-psa\/","title":{"rendered":"JAK se pozn\u00e1 alergie u psa"},"content":{"rendered":"\n<p>Rozvinut\u00ed <strong>alergie u psa<\/strong> u\u017e dnes nen\u00ed ojedin\u011bl\u00e9. Nelze ale jednozna\u010dn\u011b ur\u010dit, pro\u010d se tak d\u011bje. Alergie psa neohro\u017euje na \u017eivot\u011b, ale hodn\u011b mu ho znep\u0159\u00edjem\u0148uje.<\/p>\n\n\n\n<h2 class=\"wp-block-heading\">Je m\u016fj pes alergik? Diagnostika alergie u psa<\/h2>\n\n\n\n<p>Ne\u017e p\u0159istoup\u00edme k alergologick\u00e9mu vy\u0161et\u0159en\u00ed, je t\u0159eba ur\u010dit, zda se skute\u010dn\u011b jedn\u00e1 o alergii a nemoc nen\u00ed zp\u016fsobena jinou p\u0159\u00ed\u010dinou. Alergie &#8211; atopick\u00e1 dermatitida u psa vy\u017eaduje d\u016fkladn\u00e9 vy\u0161et\u0159en\u00ed. <\/p>\n\n\n\n<p>Vy\u0161et\u0159en\u00ed provedeme po konzultaci u n\u00e1s, nebo m\u016f\u017eete p\u0159ij\u00edt po vy\u0161et\u0159en\u00ed u sv\u00e9ho veterin\u00e1\u0159e.  Ko\u017en\u00ed probl\u00e9my b\u00fdvaj\u00ed urputn\u00e9, pes se drbe a drbe, ale ne v\u017edy se mus\u00ed jednat o alergii.<\/p>\n\n\n\n<figure class=\"wp-block-image size-full\"><a href=\"https:\/\/open.spotify.com\/episode\/5AV5WkhunpVCHtIQ2CqeOz\" target=\"_blank\" rel=\"noreferrer noopener\"><img loading=\"lazy\" decoding=\"async\" width=\"900\" height=\"140\" src=\"https:\/\/labvet.cz\/blog\/wp-content\/uploads\/2022\/06\/Labvet-alergologie-220-800-465-4.png\" alt=\"\" class=\"wp-image-4443\" srcset=\"https:\/\/labvet.cz\/blog\/wp-content\/uploads\/2022\/06\/Labvet-alergologie-220-800-465-4.png 900w, https:\/\/labvet.cz\/blog\/wp-content\/uploads\/2022\/06\/Labvet-alergologie-220-800-465-4-300x47.png 300w, https:\/\/labvet.cz\/blog\/wp-content\/uploads\/2022\/06\/Labvet-alergologie-220-800-465-4-768x119.png 768w\" sizes=\"auto, (max-width: 767px) 89vw, (max-width: 1000px) 54vw, (max-width: 1071px) 543px, 580px\" \/><\/a><\/figure>\n\n\n\n<h2 class=\"wp-block-heading\">Jak prob\u00edh\u00e1 alergologick\u00e9 vy\u0161et\u0159en\u00ed psa<\/h2>\n\n\n\n<p>Ko\u017en\u00ed alergie u ps\u016f zji\u0161\u0165ujeme intraderm\u00e1ln\u00edmi testy, kdy psovi vpichujeme alergeny pod k\u016f\u017ei. V\u00fdsledky pak ode\u010d\u00edt\u00e1me po dvaceti minut\u00e1ch.<\/p>\n\n\n\n<p>Rovn\u011b\u017e prov\u00e1d\u00edme krevn\u00ed testy ps\u016f na alergeny z prost\u0159ed\u00ed i na potravn\u00ed alergeny. P\u0159ijdete se psem na odb\u011br nebo m\u016f\u017ee vzorek poslat v\u00e1\u0161 veterin\u00e1\u0159. V\u00fdsledky sd\u011blujeme obvykle do t\u0159\u00ed dn\u016f.<\/p>\n\n\n\n<p>Ve\u0161ker\u00e9 testy prov\u00e1d\u00edme u n\u00e1s v laborato\u0159i v Praze.  Najdete n\u00e1s v Hole\u0161ovic\u00edch v Pra\u017esk\u00e9 tr\u017enici, parkov\u00e1n\u00ed je tu prvn\u00ed hodinu zdarma.<\/p>\n\n\n\n<figure class=\"wp-block-image size-large\"><a href=\"https:\/\/open.spotify.com\/episode\/2q3f8J0WfGTVqUw7QFKRrb\" target=\"_blank\" rel=\"noopener\"><img loading=\"lazy\" decoding=\"async\" width=\"900\" height=\"140\" src=\"https:\/\/labvet.cz\/blog\/wp-content\/uploads\/2021\/05\/Labvet-alergologie-220-800-465-1-1.png\" alt=\"odkaz do podcastu\" class=\"wp-image-3327\" srcset=\"https:\/\/labvet.cz\/blog\/wp-content\/uploads\/2021\/05\/Labvet-alergologie-220-800-465-1-1.png 900w, https:\/\/labvet.cz\/blog\/wp-content\/uploads\/2021\/05\/Labvet-alergologie-220-800-465-1-1-300x47.png 300w, https:\/\/labvet.cz\/blog\/wp-content\/uploads\/2021\/05\/Labvet-alergologie-220-800-465-1-1-768x119.png 768w\" sizes=\"auto, (max-width: 767px) 89vw, (max-width: 1000px) 54vw, (max-width: 1071px) 543px, 580px\" \/><\/a><\/figure>\n\n\n\n<h2 class=\"wp-block-heading\">Jak se l\u00e9\u010d\u00ed alergick\u00fd pes<\/h2>\n\n\n\n<p>Pou\u017e\u00edvaj\u00ed se bu\u010f podp\u016frn\u00e9 l\u00e9ky jako nap\u0159\u00edklad <a href=\"https:\/\/www.labvet.cz\/blog\/leky-na-alergii-pro-psy\/\" target=\"_blank\" rel=\"noreferrer noopener\">Cytopoint \u010di Apoque<\/a>l. Nebo va\u0161emu psovi m\u016f\u017eeme na m\u00edru objednat desenzibiliza\u010dn\u00ed vakc\u00ednu, kter\u00e1 se pod\u00e1v\u00e1 vst\u0159ikov\u00e1n\u00edm do tlamy nebo injek\u010dn\u011b. U potravn\u00edch alergi\u00ed je t\u0159eba naj\u00edt vhodn\u00e9 <strong>hypoalergenn\u00ed krmivo<\/strong>. <\/p>\n\n\n\n<p>Objednat  se m\u016f\u017eete online nebo telefonicky.  Testy na alergie u ps\u016f prov\u00e1d\u00edme od \u00fater\u00fd do p\u00e1tku do 7:00 do 16:30, v p\u00e1tek do 14:00.<\/p>\n\n\n\n<hr class=\"wp-block-separator has-css-opacity\"\/>\n\n\n\n<h3 class=\"wp-block-heading\">\u010ct\u011bte tak\u00e9: <a rel=\"noreferrer noopener\" href=\"https:\/\/www.labvet.cz\/blog\/leky-na-alergii-pro-psy\/\" target=\"_blank\">Nejnov\u011bj\u0161\u00ed l\u00e9ky na alergii pro psy<\/a><\/h3>\n\n\n\n<h3 class=\"wp-block-heading\">                        <a href=\"https:\/\/www.labvet.cz\/blog\/category\/alergie-u-psa\/\">J<\/a><a rel=\"noreferrer noopener\" href=\"https:\/\/www.labvet.cz\/blog\/category\/alergie-u-psa\/\" target=\"_blank\">ak na alergie u psa &#8211; \u010dl\u00e1nky<\/a><\/h3>\n\n\n\n<hr class=\"wp-block-separator has-css-opacity\"\/>\n\n\n\n<figure class=\"wp-block-image size-large\"><a href=\"https:\/\/labvet.vetbook.eu\/kalendar.php\" target=\"_blank\" rel=\"noreferrer noopener\"><img loading=\"lazy\" decoding=\"async\" width=\"900\" height=\"140\" src=\"https:\/\/labvet.cz\/blog\/wp-content\/uploads\/2021\/12\/Labvet-alergologie-220-800-465-8.png\" alt=\"rezervace vy\u0161et\u0159en\u00ed\" class=\"wp-image-3797\" srcset=\"https:\/\/labvet.cz\/blog\/wp-content\/uploads\/2021\/12\/Labvet-alergologie-220-800-465-8.png 900w, https:\/\/labvet.cz\/blog\/wp-content\/uploads\/2021\/12\/Labvet-alergologie-220-800-465-8-300x47.png 300w, https:\/\/labvet.cz\/blog\/wp-content\/uploads\/2021\/12\/Labvet-alergologie-220-800-465-8-768x119.png 768w\" sizes=\"auto, (max-width: 767px) 89vw, (max-width: 1000px) 54vw, (max-width: 1071px) 543px, 580px\" \/><\/a><\/figure>\n","protected":false},"excerpt":{"rendered":"<p>Rozvinut\u00ed alergie u psa u\u017e dnes nen\u00ed ojedin\u011bl\u00e9. Nelze ale jednozna\u010dn\u011b ur\u010dit, pro\u010d se tak d\u011bje. Alergie psa neohro\u017euje na \u017eivot\u011b, ale hodn\u011b mu ho znep\u0159\u00edjem\u0148uje. Je m\u016fj pes alergik? Diagnostika alergie u psa Ne\u017e p\u0159istoup\u00edme k alergologick\u00e9mu vy\u0161et\u0159en\u00ed, je t\u0159eba ur\u010dit, zda se skute\u010dn\u011b jedn\u00e1 o alergii a nemoc nen\u00ed zp\u016fsobena jinou p\u0159\u00ed\u010dinou. Alergie &hellip; <\/p>\n<p class=\"link-more\"><a href=\"https:\/\/labvet.cz\/blog\/jak-se-pozna-alergie-u-psa\/\" class=\"more-link\">Pokra\u010dovat ve \u010dten\u00ed<span class=\"screen-reader-text\"> &#8222;JAK se pozn\u00e1 alergie u psa&#8220;<\/span><\/a><\/p>\n","protected":false},"author":4,"featured_media":4150,"parent":0,"menu_order":0,"comment_status":"closed","ping_status":"closed","template":"","meta":{"_seopress_robots_primary_cat":"","_seopress_titles_title":"JAK se pozn\u00e1 alergie u psa a jak se l\u00e9\u010d\u00ed? | Labvet.cz","_seopress_titles_desc":"Alergie u ps\u016f vy\u0161et\u0159ujeme ve veterin\u00e1rn\u00ed laborato\u0159i v Praze. V\u00fdsledky ko\u017en\u00edch test\u016f sd\u011blujeme na po\u010dk\u00e1n\u00ed. Testy z krve vyhodnocujeme do t\u0159\u00ed dn\u016f.","_seopress_robots_index":"","footnotes":""},"class_list":["post-2222","page","type-page","status-publish","has-post-thumbnail","hentry"],"yoast_head":"<!-- This site is optimized with the Yoast SEO plugin v25.2 - https:\/\/yoast.com\/wordpress\/plugins\/seo\/ -->\n<title>JAK se pozn\u00e1 alergie u psa - Labvet blog<\/title>\n<meta name=\"description\" content=\"Alergie u ps\u016f vy\u0161et\u0159ujeme ve veterin\u00e1rn\u00ed laborato\u0159i v Praze. V\u00fdsledky ko\u017en\u00edch test\u016f sd\u011blujeme na po\u010dk\u00e1n\u00ed. Testy z krve vyhodnocujeme do t\u0159\u00ed dn\u016f.\" \/>\n<meta name=\"robots\" content=\"index, follow, max-snippet:-1, max-image-preview:large, max-video-preview:-1\" \/>\n<link rel=\"canonical\" href=\"https:\/\/labvet.cz\/blog\/jak-se-pozna-alergie-u-psa\/\" \/>\n<meta property=\"og:locale\" content=\"cs_CZ\" \/>\n<meta property=\"og:type\" content=\"article\" \/>\n<meta property=\"og:title\" content=\"JAK se pozn\u00e1 alergie u psa - Labvet blog\" \/>\n<meta property=\"og:description\" content=\"Alergie u ps\u016f vy\u0161et\u0159ujeme ve veterin\u00e1rn\u00ed laborato\u0159i v Praze. V\u00fdsledky ko\u017en\u00edch test\u016f sd\u011blujeme na po\u010dk\u00e1n\u00ed. Testy z krve vyhodnocujeme do t\u0159\u00ed dn\u016f.\" \/>\n<meta property=\"og:url\" content=\"https:\/\/labvet.cz\/blog\/jak-se-pozna-alergie-u-psa\/\" \/>\n<meta property=\"og:site_name\" content=\"Labvet blog\" \/>\n<meta property=\"article:publisher\" content=\"https:\/\/www.facebook.com\/Labvet.cz\" \/>\n<meta property=\"article:modified_time\" content=\"2025-06-17T19:32:34+00:00\" \/>\n<meta property=\"og:image\" content=\"https:\/\/labvet.cz\/blog\/wp-content\/uploads\/2022\/03\/webinar-JAK-BEHA.jpg\" \/>\n\t<meta property=\"og:image:width\" content=\"810\" \/>\n\t<meta property=\"og:image:height\" content=\"430\" \/>\n\t<meta property=\"og:image:type\" content=\"image\/jpeg\" \/>\n<meta name=\"twitter:card\" content=\"summary_large_image\" \/>\n<meta name=\"twitter:label1\" content=\"Odhadovan\u00e1 doba \u010dten\u00ed\" \/>\n\t<meta name=\"twitter:data1\" content=\"3 minuty\" \/>\n<script type=\"application\/ld+json\" class=\"yoast-schema-graph\">{\"@context\":\"https:\/\/schema.org\",\"@graph\":[{\"@type\":\"WebPage\",\"@id\":\"https:\/\/labvet.cz\/blog\/jak-se-pozna-alergie-u-psa\/\",\"url\":\"https:\/\/labvet.cz\/blog\/jak-se-pozna-alergie-u-psa\/\",\"name\":\"JAK se pozn\u00e1 alergie u psa - Labvet blog\",\"isPartOf\":{\"@id\":\"https:\/\/labvet.cz\/blog\/#website\"},\"primaryImageOfPage\":{\"@id\":\"https:\/\/labvet.cz\/blog\/jak-se-pozna-alergie-u-psa\/#primaryimage\"},\"image\":{\"@id\":\"https:\/\/labvet.cz\/blog\/jak-se-pozna-alergie-u-psa\/#primaryimage\"},\"thumbnailUrl\":\"https:\/\/labvet.cz\/blog\/wp-content\/uploads\/2022\/03\/webinar-JAK-BEHA.jpg\",\"datePublished\":\"2020-10-15T11:08:32+00:00\",\"dateModified\":\"2025-06-17T19:32:34+00:00\",\"description\":\"Alergie u ps\u016f vy\u0161et\u0159ujeme ve veterin\u00e1rn\u00ed laborato\u0159i v Praze. V\u00fdsledky ko\u017en\u00edch test\u016f sd\u011blujeme na po\u010dk\u00e1n\u00ed. Testy z krve vyhodnocujeme do t\u0159\u00ed dn\u016f.\",\"breadcrumb\":{\"@id\":\"https:\/\/labvet.cz\/blog\/jak-se-pozna-alergie-u-psa\/#breadcrumb\"},\"inLanguage\":\"cs\",\"potentialAction\":[{\"@type\":\"ReadAction\",\"target\":[\"https:\/\/labvet.cz\/blog\/jak-se-pozna-alergie-u-psa\/\"]}]},{\"@type\":\"ImageObject\",\"inLanguage\":\"cs\",\"@id\":\"https:\/\/labvet.cz\/blog\/jak-se-pozna-alergie-u-psa\/#primaryimage\",\"url\":\"https:\/\/labvet.cz\/blog\/wp-content\/uploads\/2022\/03\/webinar-JAK-BEHA.jpg\",\"contentUrl\":\"https:\/\/labvet.cz\/blog\/wp-content\/uploads\/2022\/03\/webinar-JAK-BEHA.jpg\",\"width\":810,\"height\":430},{\"@type\":\"BreadcrumbList\",\"@id\":\"https:\/\/labvet.cz\/blog\/jak-se-pozna-alergie-u-psa\/#breadcrumb\",\"itemListElement\":[{\"@type\":\"ListItem\",\"position\":1,\"name\":\"Dom\u016f\",\"item\":\"https:\/\/labvet.cz\/blog\/\"},{\"@type\":\"ListItem\",\"position\":2,\"name\":\"JAK se pozn\u00e1 alergie u psa\"}]},{\"@type\":\"WebSite\",\"@id\":\"https:\/\/labvet.cz\/blog\/#website\",\"url\":\"https:\/\/labvet.cz\/blog\/\",\"name\":\"Labvet blog\",\"description\":\"pro chovatele i veterin\u00e1rn\u00ed l\u00e9ka\u0159e\",\"publisher\":{\"@id\":\"https:\/\/labvet.cz\/blog\/#organization\"},\"potentialAction\":[{\"@type\":\"SearchAction\",\"target\":{\"@type\":\"EntryPoint\",\"urlTemplate\":\"https:\/\/labvet.cz\/blog\/?s={search_term_string}\"},\"query-input\":{\"@type\":\"PropertyValueSpecification\",\"valueRequired\":true,\"valueName\":\"search_term_string\"}}],\"inLanguage\":\"cs\"},{\"@type\":\"Organization\",\"@id\":\"https:\/\/labvet.cz\/blog\/#organization\",\"name\":\"Labvet.cz\",\"url\":\"https:\/\/labvet.cz\/blog\/\",\"logo\":{\"@type\":\"ImageObject\",\"inLanguage\":\"cs\",\"@id\":\"https:\/\/labvet.cz\/blog\/#\/schema\/logo\/image\/\",\"url\":\"https:\/\/labvet.cz\/blog\/wp-content\/uploads\/2023\/08\/cropped-Navrh-bez-nazvu.png\",\"contentUrl\":\"https:\/\/labvet.cz\/blog\/wp-content\/uploads\/2023\/08\/cropped-Navrh-bez-nazvu.png\",\"width\":300,\"height\":300,\"caption\":\"Labvet.cz\"},\"image\":{\"@id\":\"https:\/\/labvet.cz\/blog\/#\/schema\/logo\/image\/\"},\"sameAs\":[\"https:\/\/www.facebook.com\/Labvet.cz\",\"https:\/\/www.instagram.com\/labvet.cz\/\",\"https:\/\/www.linkedin.com\/showcase\/94138348\/admin\/dashboard\/\"]}]}<\/script>\n<!-- \/ Yoast SEO plugin. -->","yoast_head_json":{"title":"JAK se pozn\u00e1 alergie u psa - Labvet blog","description":"Alergie u ps\u016f vy\u0161et\u0159ujeme ve veterin\u00e1rn\u00ed laborato\u0159i v Praze. V\u00fdsledky ko\u017en\u00edch test\u016f sd\u011blujeme na po\u010dk\u00e1n\u00ed. Testy z krve vyhodnocujeme do t\u0159\u00ed dn\u016f.","robots":{"index":"index","follow":"follow","max-snippet":"max-snippet:-1","max-image-preview":"max-image-preview:large","max-video-preview":"max-video-preview:-1"},"canonical":"https:\/\/labvet.cz\/blog\/jak-se-pozna-alergie-u-psa\/","og_locale":"cs_CZ","og_type":"article","og_title":"JAK se pozn\u00e1 alergie u psa - Labvet blog","og_description":"Alergie u ps\u016f vy\u0161et\u0159ujeme ve veterin\u00e1rn\u00ed laborato\u0159i v Praze. V\u00fdsledky ko\u017en\u00edch test\u016f sd\u011blujeme na po\u010dk\u00e1n\u00ed. Testy z krve vyhodnocujeme do t\u0159\u00ed dn\u016f.","og_url":"https:\/\/labvet.cz\/blog\/jak-se-pozna-alergie-u-psa\/","og_site_name":"Labvet blog","article_publisher":"https:\/\/www.facebook.com\/Labvet.cz","article_modified_time":"2025-06-17T19:32:34+00:00","og_image":[{"width":810,"height":430,"url":"https:\/\/labvet.cz\/blog\/wp-content\/uploads\/2022\/03\/webinar-JAK-BEHA.jpg","type":"image\/jpeg"}],"twitter_card":"summary_large_image","twitter_misc":{"Odhadovan\u00e1 doba \u010dten\u00ed":"3 minuty"},"schema":{"@context":"https:\/\/schema.org","@graph":[{"@type":"WebPage","@id":"https:\/\/labvet.cz\/blog\/jak-se-pozna-alergie-u-psa\/","url":"https:\/\/labvet.cz\/blog\/jak-se-pozna-alergie-u-psa\/","name":"JAK se pozn\u00e1 alergie u psa - Labvet blog","isPartOf":{"@id":"https:\/\/labvet.cz\/blog\/#website"},"primaryImageOfPage":{"@id":"https:\/\/labvet.cz\/blog\/jak-se-pozna-alergie-u-psa\/#primaryimage"},"image":{"@id":"https:\/\/labvet.cz\/blog\/jak-se-pozna-alergie-u-psa\/#primaryimage"},"thumbnailUrl":"https:\/\/labvet.cz\/blog\/wp-content\/uploads\/2022\/03\/webinar-JAK-BEHA.jpg","datePublished":"2020-10-15T11:08:32+00:00","dateModified":"2025-06-17T19:32:34+00:00","description":"Alergie u ps\u016f vy\u0161et\u0159ujeme ve veterin\u00e1rn\u00ed laborato\u0159i v Praze. V\u00fdsledky ko\u017en\u00edch test\u016f sd\u011blujeme na po\u010dk\u00e1n\u00ed. Testy z krve vyhodnocujeme do t\u0159\u00ed dn\u016f.","breadcrumb":{"@id":"https:\/\/labvet.cz\/blog\/jak-se-pozna-alergie-u-psa\/#breadcrumb"},"inLanguage":"cs","potentialAction":[{"@type":"ReadAction","target":["https:\/\/labvet.cz\/blog\/jak-se-pozna-alergie-u-psa\/"]}]},{"@type":"ImageObject","inLanguage":"cs","@id":"https:\/\/labvet.cz\/blog\/jak-se-pozna-alergie-u-psa\/#primaryimage","url":"https:\/\/labvet.cz\/blog\/wp-content\/uploads\/2022\/03\/webinar-JAK-BEHA.jpg","contentUrl":"https:\/\/labvet.cz\/blog\/wp-content\/uploads\/2022\/03\/webinar-JAK-BEHA.jpg","width":810,"height":430},{"@type":"BreadcrumbList","@id":"https:\/\/labvet.cz\/blog\/jak-se-pozna-alergie-u-psa\/#breadcrumb","itemListElement":[{"@type":"ListItem","position":1,"name":"Dom\u016f","item":"https:\/\/labvet.cz\/blog\/"},{"@type":"ListItem","position":2,"name":"JAK se pozn\u00e1 alergie u psa"}]},{"@type":"WebSite","@id":"https:\/\/labvet.cz\/blog\/#website","url":"https:\/\/labvet.cz\/blog\/","name":"Labvet blog","description":"pro chovatele i veterin\u00e1rn\u00ed l\u00e9ka\u0159e","publisher":{"@id":"https:\/\/labvet.cz\/blog\/#organization"},"potentialAction":[{"@type":"SearchAction","target":{"@type":"EntryPoint","urlTemplate":"https:\/\/labvet.cz\/blog\/?s={search_term_string}"},"query-input":{"@type":"PropertyValueSpecification","valueRequired":true,"valueName":"search_term_string"}}],"inLanguage":"cs"},{"@type":"Organization","@id":"https:\/\/labvet.cz\/blog\/#organization","name":"Labvet.cz","url":"https:\/\/labvet.cz\/blog\/","logo":{"@type":"ImageObject","inLanguage":"cs","@id":"https:\/\/labvet.cz\/blog\/#\/schema\/logo\/image\/","url":"https:\/\/labvet.cz\/blog\/wp-content\/uploads\/2023\/08\/cropped-Navrh-bez-nazvu.png","contentUrl":"https:\/\/labvet.cz\/blog\/wp-content\/uploads\/2023\/08\/cropped-Navrh-bez-nazvu.png","width":300,"height":300,"caption":"Labvet.cz"},"image":{"@id":"https:\/\/labvet.cz\/blog\/#\/schema\/logo\/image\/"},"sameAs":["https:\/\/www.facebook.com\/Labvet.cz","https:\/\/www.instagram.com\/labvet.cz\/","https:\/\/www.linkedin.com\/showcase\/94138348\/admin\/dashboard\/"]}]}},"_links":{"self":[{"href":"https:\/\/labvet.cz\/blog\/wp-json\/wp\/v2\/pages\/2222","targetHints":{"allow":["GET"]}}],"collection":[{"href":"https:\/\/labvet.cz\/blog\/wp-json\/wp\/v2\/pages"}],"about":[{"href":"https:\/\/labvet.cz\/blog\/wp-json\/wp\/v2\/types\/page"}],"author":[{"embeddable":true,"href":"https:\/\/labvet.cz\/blog\/wp-json\/wp\/v2\/users\/4"}],"replies":[{"embeddable":true,"href":"https:\/\/labvet.cz\/blog\/wp-json\/wp\/v2\/comments?post=2222"}],"version-history":[{"count":21,"href":"https:\/\/labvet.cz\/blog\/wp-json\/wp\/v2\/pages\/2222\/revisions"}],"predecessor-version":[{"id":4453,"href":"https:\/\/labvet.cz\/blog\/wp-json\/wp\/v2\/pages\/2222\/revisions\/4453"}],"wp:featuredmedia":[{"embeddable":true,"href":"https:\/\/labvet.cz\/blog\/wp-json\/wp\/v2\/media\/4150"}],"wp:attachment":[{"href":"https:\/\/labvet.cz\/blog\/wp-json\/wp\/v2\/media?parent=2222"}],"curies":[{"name":"wp","href":"https:\/\/api.w.org\/{rel}","templated":true}]}}